{"id":118540,"date":"2022-10-18T16:49:25","date_gmt":"2022-10-18T14:49:25","guid":{"rendered":"https:\/\/www.hotel-ambassador.de\/eksempel-paa-side\/"},"modified":"2024-12-04T14:56:54","modified_gmt":"2024-12-04T13:56:54","slug":"eksempel-paa-side","status":"publish","type":"page","link":"https:\/\/www.hotel-ambassador.de\/da\/eksempel-paa-side\/","title":{"rendered":"Eksempel p\u00e5 side"},"content":{"rendered":"\n<p>Dette er et eksempel p\u00e5 en side. Den adskiller sig fra indl\u00e6g, fordi den altid forbliver det samme sted og vises i hjemmesidens navigation (med de fleste temaer). De fleste starter med et aftryk, en privatlivspolitik eller en &#8220;Om os&#8221;-side for at pr\u00e6sentere sig selv for potentielle bes\u00f8gende p\u00e5 webstedet. Der kan f.eks. st\u00e5   <\/p>\n\n<blockquote class=\"wp-block-quote is-layout-flow wp-block-quote-is-layout-flow\"><p>Hej, om dagen arbejder jeg som cykelbud, om aftenen er jeg skuespilleraspirant, og dette er min hjemmeside. Jeg bor i Berlin, har en stor hund, der hedder Jack, kan godt lide pi\u00f1a coladas, men ikke s\u00e5 meget at blive efterladt ude i regnen (uden paraply).  <\/p><\/blockquote>\n\n<p>&#8230; eller noget i den stil:<\/p>\n\n<blockquote class=\"wp-block-quote is-layout-flow wp-block-quote-is-layout-flow\"><p>Virksomheden XYZ blev grundlagt i 1971 og har forsynet offentligheden med produkter af h\u00f8j kvalitet lige siden. Virksomheden ligger i en lille by og besk\u00e6ftiger over 2.000 mennesker og st\u00f8tter byens indbyggere p\u00e5 mange m\u00e5der. <\/p><\/blockquote>\n\n<p>Som ny WordPress-bruger skal du g\u00e5 til <a href=\"https:\/\/www.hotel-ambassador.de\/wp-admin\/\">dit dashboard<\/a> for at slette denne side og oprette nye sider og indl\u00e6g til din hjemmeside. God forn\u00f8jelse med det! <\/p>\n","protected":false},"excerpt":{"rendered":"<p>Dette er et eksempel p\u00e5 en side. Den adskiller sig fra indl\u00e6g, fordi den altid forbliver det samme sted og vises i hjemmesidens navigation (med de fleste temaer). De fleste starter med et aftryk, en privatlivspolitik eller en &#8220;Om os&#8221;-side for at pr\u00e6sentere sig selv for potentielle bes\u00f8gende p\u00e5 webstedet. Der kan f.eks. st\u00e5 Hej, [&hellip;]<\/p>\n","protected":false},"author":1,"featured_media":0,"parent":0,"menu_order":0,"comment_status":"closed","ping_status":"open","template":"","meta":{"_et_pb_use_builder":"","_et_pb_old_content":"","_et_gb_content_width":"","footnotes":""},"class_list":["post-118540","page","type-page","status-publish","hentry"],"yoast_head":"<!-- This site is optimized with the Yoast SEO plugin v27.3 - https:\/\/yoast.com\/product\/yoast-seo-wordpress\/ -->\n<title>Eksempel p\u00e5 side - ambassador hotel &amp; spa<\/title>\n<meta name=\"robots\" content=\"index, follow, max-snippet:-1, max-image-preview:large, max-video-preview:-1\" \/>\n<link rel=\"canonical\" href=\"https:\/\/www.hotel-ambassador.de\/da\/eksempel-paa-side\/\" \/>\n<meta property=\"og:locale\" content=\"da_DK\" \/>\n<meta property=\"og:type\" content=\"article\" \/>\n<meta property=\"og:title\" content=\"Eksempel p\u00e5 side - ambassador hotel &amp; spa\" \/>\n<meta property=\"og:description\" content=\"Dette er et eksempel p\u00e5 en side. Den adskiller sig fra indl\u00e6g, fordi den altid forbliver det samme sted og vises i hjemmesidens navigation (med de fleste temaer). De fleste starter med et aftryk, en privatlivspolitik eller en &#8220;Om os&#8221;-side for at pr\u00e6sentere sig selv for potentielle bes\u00f8gende p\u00e5 webstedet. Der kan f.eks. st\u00e5 Hej, [&hellip;]\" \/>\n<meta property=\"og:url\" content=\"https:\/\/www.hotel-ambassador.de\/da\/eksempel-paa-side\/\" \/>\n<meta property=\"og:site_name\" content=\"ambassador hotel &amp; spa\" \/>\n<meta property=\"article:modified_time\" content=\"2024-12-04T13:56:54+00:00\" \/>\n<meta name=\"twitter:card\" content=\"summary_large_image\" \/>\n<meta name=\"twitter:label1\" content=\"Est. reading time\" \/>\n\t<meta name=\"twitter:data1\" content=\"1 minute\" \/>\n<script type=\"application\/ld+json\" class=\"yoast-schema-graph\">{\"@context\":\"https:\\\/\\\/schema.org\",\"@graph\":[{\"@type\":\"WebPage\",\"@id\":\"https:\\\/\\\/www.hotel-ambassador.de\\\/da\\\/eksempel-paa-side\\\/\",\"url\":\"https:\\\/\\\/www.hotel-ambassador.de\\\/da\\\/eksempel-paa-side\\\/\",\"name\":\"Eksempel p\u00e5 side - ambassador hotel &amp; spa\",\"isPartOf\":{\"@id\":\"https:\\\/\\\/www.hotel-ambassador.de\\\/#website\"},\"datePublished\":\"2022-10-18T14:49:25+00:00\",\"dateModified\":\"2024-12-04T13:56:54+00:00\",\"breadcrumb\":{\"@id\":\"https:\\\/\\\/www.hotel-ambassador.de\\\/da\\\/eksempel-paa-side\\\/#breadcrumb\"},\"inLanguage\":\"da-DK\",\"potentialAction\":[{\"@type\":\"ReadAction\",\"target\":[\"https:\\\/\\\/www.hotel-ambassador.de\\\/da\\\/eksempel-paa-side\\\/\"]}]},{\"@type\":\"BreadcrumbList\",\"@id\":\"https:\\\/\\\/www.hotel-ambassador.de\\\/da\\\/eksempel-paa-side\\\/#breadcrumb\",\"itemListElement\":[{\"@type\":\"ListItem\",\"position\":1,\"name\":\"Startseite\",\"item\":\"https:\\\/\\\/www.hotel-ambassador.de\\\/da\\\/\"},{\"@type\":\"ListItem\",\"position\":2,\"name\":\"Eksempel p\u00e5 side\"}]},{\"@type\":\"WebSite\",\"@id\":\"https:\\\/\\\/www.hotel-ambassador.de\\\/#website\",\"url\":\"https:\\\/\\\/www.hotel-ambassador.de\\\/\",\"name\":\"ambassador hotel &amp; spa\",\"description\":\"Wellness-Hotel an der Nordsee in St. Peter-Ording\",\"potentialAction\":[{\"@type\":\"SearchAction\",\"target\":{\"@type\":\"EntryPoint\",\"urlTemplate\":\"https:\\\/\\\/www.hotel-ambassador.de\\\/?s={search_term_string}\"},\"query-input\":{\"@type\":\"PropertyValueSpecification\",\"valueRequired\":true,\"valueName\":\"search_term_string\"}}],\"inLanguage\":\"da-DK\"}]}<\/script>\n<!-- \/ Yoast SEO plugin. -->","yoast_head_json":{"title":"Eksempel p\u00e5 side - ambassador hotel &amp; spa","robots":{"index":"index","follow":"follow","max-snippet":"max-snippet:-1","max-image-preview":"max-image-preview:large","max-video-preview":"max-video-preview:-1"},"canonical":"https:\/\/www.hotel-ambassador.de\/da\/eksempel-paa-side\/","og_locale":"da_DK","og_type":"article","og_title":"Eksempel p\u00e5 side - ambassador hotel &amp; spa","og_description":"Dette er et eksempel p\u00e5 en side. Den adskiller sig fra indl\u00e6g, fordi den altid forbliver det samme sted og vises i hjemmesidens navigation (med de fleste temaer). De fleste starter med et aftryk, en privatlivspolitik eller en &#8220;Om os&#8221;-side for at pr\u00e6sentere sig selv for potentielle bes\u00f8gende p\u00e5 webstedet. Der kan f.eks. st\u00e5 Hej, [&hellip;]","og_url":"https:\/\/www.hotel-ambassador.de\/da\/eksempel-paa-side\/","og_site_name":"ambassador hotel &amp; spa","article_modified_time":"2024-12-04T13:56:54+00:00","twitter_card":"summary_large_image","twitter_misc":{"Est. reading time":"1 minute"},"schema":{"@context":"https:\/\/schema.org","@graph":[{"@type":"WebPage","@id":"https:\/\/www.hotel-ambassador.de\/da\/eksempel-paa-side\/","url":"https:\/\/www.hotel-ambassador.de\/da\/eksempel-paa-side\/","name":"Eksempel p\u00e5 side - ambassador hotel &amp; spa","isPartOf":{"@id":"https:\/\/www.hotel-ambassador.de\/#website"},"datePublished":"2022-10-18T14:49:25+00:00","dateModified":"2024-12-04T13:56:54+00:00","breadcrumb":{"@id":"https:\/\/www.hotel-ambassador.de\/da\/eksempel-paa-side\/#breadcrumb"},"inLanguage":"da-DK","potentialAction":[{"@type":"ReadAction","target":["https:\/\/www.hotel-ambassador.de\/da\/eksempel-paa-side\/"]}]},{"@type":"BreadcrumbList","@id":"https:\/\/www.hotel-ambassador.de\/da\/eksempel-paa-side\/#breadcrumb","itemListElement":[{"@type":"ListItem","position":1,"name":"Startseite","item":"https:\/\/www.hotel-ambassador.de\/da\/"},{"@type":"ListItem","position":2,"name":"Eksempel p\u00e5 side"}]},{"@type":"WebSite","@id":"https:\/\/www.hotel-ambassador.de\/#website","url":"https:\/\/www.hotel-ambassador.de\/","name":"ambassador hotel &amp; spa","description":"Wellness-Hotel an der Nordsee in St. Peter-Ording","potentialAction":[{"@type":"SearchAction","target":{"@type":"EntryPoint","urlTemplate":"https:\/\/www.hotel-ambassador.de\/?s={search_term_string}"},"query-input":{"@type":"PropertyValueSpecification","valueRequired":true,"valueName":"search_term_string"}}],"inLanguage":"da-DK"}]}},"_links":{"self":[{"href":"https:\/\/www.hotel-ambassador.de\/da\/wp-json\/wp\/v2\/pages\/118540","targetHints":{"allow":["GET"]}}],"collection":[{"href":"https:\/\/www.hotel-ambassador.de\/da\/wp-json\/wp\/v2\/pages"}],"about":[{"href":"https:\/\/www.hotel-ambassador.de\/da\/wp-json\/wp\/v2\/types\/page"}],"author":[{"embeddable":true,"href":"https:\/\/www.hotel-ambassador.de\/da\/wp-json\/wp\/v2\/users\/1"}],"replies":[{"embeddable":true,"href":"https:\/\/www.hotel-ambassador.de\/da\/wp-json\/wp\/v2\/comments?post=118540"}],"version-history":[{"count":1,"href":"https:\/\/www.hotel-ambassador.de\/da\/wp-json\/wp\/v2\/pages\/118540\/revisions"}],"predecessor-version":[{"id":118545,"href":"https:\/\/www.hotel-ambassador.de\/da\/wp-json\/wp\/v2\/pages\/118540\/revisions\/118545"}],"wp:attachment":[{"href":"https:\/\/www.hotel-ambassador.de\/da\/wp-json\/wp\/v2\/media?parent=118540"}],"curies":[{"name":"wp","href":"https:\/\/api.w.org\/{rel}","templated":true}]}}